{"id":3684,"date":"2025-03-12T20:55:24","date_gmt":"2025-03-12T20:55:24","guid":{"rendered":"https:\/\/clasaturomex.com.mx\/?post_type=product&#038;p=3684"},"modified":"2025-03-13T16:20:05","modified_gmt":"2025-03-13T16:20:05","slug":"ruta-de-queso-y-vino-queretaro","status":"publish","type":"product","link":"https:\/\/clasaturomex.com.mx\/en\/product\/ruta-de-queso-y-vino-queretaro\/","title":{"rendered":"Ruta de Queso y Vino Quer\u00e9taro"},"content":{"rendered":"<ul>\n<li>Recepci\u00f3n en el aeropuerto CDMX BJ.<\/li>\n<li>Traslado aeropuerto \u2013 hotel \u2013 aeropuerto.<\/li>\n<li>2 noches de alojamiento hotel Holiday Inn Zona Centro.<\/li>\n<li>2 desayunos incluidos tipo buffet.<\/li>\n<li>Traslado a Quer\u00e9taro.<\/li>\n<li>1 noche de alojamiento hotel Holiday Inn Centro Hist\u00f3rico Quer\u00e9taro.<\/li>\n<li>1 desayuno incluido tipo buffet.<\/li>\n<li>Tour La Ruta del Vino y El Queso.<\/li>\n<li>City Tour en Quer\u00e9taro.<\/li>\n<li>Traslado a la CDMX.<\/li>\n<li>Gu\u00edas certificados por Sectur durante todo el recorrido.<\/li>\n<li>Impuestos hoteleros.<\/li>\n<li>Asistencia de agencia 24\/7.<\/li>\n<\/ul>","protected":false},"excerpt":{"rendered":"<p>Recepci\u00f3n en el aeropuerto CDMX BJ. Traslado aeropuerto \u2013 hotel \u2013 aeropuerto. 2 noches de alojamiento hotel Holiday Inn Zona Centro. 2 desayunos incluidos tipo buffet. Traslado a Quer\u00e9taro. 1 noche de alojamiento hotel Holiday Inn Centro Hist\u00f3rico Quer\u00e9taro. 1 desayuno incluido tipo buffet. Tour La Ruta del Vino y El Queso. City Tour en [&hellip;]<\/p>\n","protected":false},"featured_media":3708,"template":"","meta":{"_acf_changed":false},"product_brand":[],"product_cat":[41],"product_tag":[],"class_list":{"0":"post-3684","1":"product","2":"type-product","3":"status-publish","4":"has-post-thumbnail","6":"product_cat-paquetes","8":"first","9":"instock","10":"shipping-taxable","11":"purchasable","12":"product-type-variable"},"acf":[],"_links":{"self":[{"href":"https:\/\/clasaturomex.com.mx\/en\/wp-json\/wp\/v2\/product\/3684","targetHints":{"allow":["GET"]}}],"collection":[{"href":"https:\/\/clasaturomex.com.mx\/en\/wp-json\/wp\/v2\/product"}],"about":[{"href":"https:\/\/clasaturomex.com.mx\/en\/wp-json\/wp\/v2\/types\/product"}],"wp:featuredmedia":[{"embeddable":true,"href":"https:\/\/clasaturomex.com.mx\/en\/wp-json\/wp\/v2\/media\/3708"}],"wp:attachment":[{"href":"https:\/\/clasaturomex.com.mx\/en\/wp-json\/wp\/v2\/media?parent=3684"}],"wp:term":[{"taxonomy":"product_brand","embeddable":true,"href":"https:\/\/clasaturomex.com.mx\/en\/wp-json\/wp\/v2\/product_brand?post=3684"},{"taxonomy":"product_cat","embeddable":true,"href":"https:\/\/clasaturomex.com.mx\/en\/wp-json\/wp\/v2\/product_cat?post=3684"},{"taxonomy":"product_tag","embeddable":true,"href":"https:\/\/clasaturomex.com.mx\/en\/wp-json\/wp\/v2\/product_tag?post=3684"}],"curies":[{"name":"wp","href":"https:\/\/api.w.org\/{rel}","templated":true}]}}