{"id":3415,"date":"2025-01-02T18:27:34","date_gmt":"2025-01-02T18:27:34","guid":{"rendered":"https:\/\/clasaturomex.com.mx\/?post_type=product&#038;p=3415"},"modified":"2025-01-02T18:45:21","modified_gmt":"2025-01-02T18:45:21","slug":"mexico-esencial","status":"publish","type":"product","link":"https:\/\/clasaturomex.com.mx\/en\/product\/mexico-esencial\/","title":{"rendered":"M\u00e9xico Esencial"},"content":{"rendered":"<ul>\n<li>Traslados Aeropuerto \/ Hotel \/ Aeropuerto en compartido<\/li>\n<li>04 noches de alojamiento en Ciudad de M\u00e9xico<\/li>\n<li>Daily breakfast included<\/li>\n<li>Tour de ciudad en M\u00e9xico<\/li>\n<li>Tour Bas\u00edlica de Guadalupe y Pir\u00e1mides de Teotihuacan<\/li>\n<li>Elige un Full day entre: Cuernavaca y Taxco o Puebla Cholula<\/li>\n<\/ul>","protected":false},"excerpt":{"rendered":"<p>Traslados Aeropuerto \/ Hotel \/ Aeropuerto en compartido 04 noches de alojamiento en Ciudad de M\u00e9xico Desayunos diarios incluidos Tour de ciudad en M\u00e9xico Tour Bas\u00edlica de Guadalupe y Pir\u00e1mides de Teotihuacan Elige un Full day entre: Cuernavaca y Taxco o Puebla Cholula<\/p>","protected":false},"featured_media":3371,"template":"","meta":{"_acf_changed":false},"product_brand":[],"product_cat":[77,41],"product_tag":[],"class_list":{"0":"post-3415","1":"product","2":"type-product","3":"status-publish","4":"has-post-thumbnail","6":"product_cat-cotizar","7":"product_cat-paquetes","8":"pa_tarifa-por-persona-doble","9":"pa_tarifa-por-persona-ninos","10":"pa_tarifa-por-persona-sencilla","11":"pa_tarifa-por-persona-triple","13":"first","14":"instock","15":"shipping-taxable","16":"purchasable","17":"product-type-variable"},"acf":[],"_links":{"self":[{"href":"https:\/\/clasaturomex.com.mx\/en\/wp-json\/wp\/v2\/product\/3415","targetHints":{"allow":["GET"]}}],"collection":[{"href":"https:\/\/clasaturomex.com.mx\/en\/wp-json\/wp\/v2\/product"}],"about":[{"href":"https:\/\/clasaturomex.com.mx\/en\/wp-json\/wp\/v2\/types\/product"}],"wp:featuredmedia":[{"embeddable":true,"href":"https:\/\/clasaturomex.com.mx\/en\/wp-json\/wp\/v2\/media\/3371"}],"wp:attachment":[{"href":"https:\/\/clasaturomex.com.mx\/en\/wp-json\/wp\/v2\/media?parent=3415"}],"wp:term":[{"taxonomy":"product_brand","embeddable":true,"href":"https:\/\/clasaturomex.com.mx\/en\/wp-json\/wp\/v2\/product_brand?post=3415"},{"taxonomy":"product_cat","embeddable":true,"href":"https:\/\/clasaturomex.com.mx\/en\/wp-json\/wp\/v2\/product_cat?post=3415"},{"taxonomy":"product_tag","embeddable":true,"href":"https:\/\/clasaturomex.com.mx\/en\/wp-json\/wp\/v2\/product_tag?post=3415"}],"curies":[{"name":"wp","href":"https:\/\/api.w.org\/{rel}","templated":true}]}}