{"id":3398,"date":"2025-01-02T17:12:16","date_gmt":"2025-01-02T17:12:16","guid":{"rendered":"https:\/\/clasaturomex.com.mx\/?post_type=product&#038;p=3398"},"modified":"2025-01-02T18:48:37","modified_gmt":"2025-01-02T18:48:37","slug":"mexico-musica-playa-veracruz","status":"publish","type":"product","link":"https:\/\/clasaturomex.com.mx\/en\/product\/mexico-musica-playa-veracruz\/","title":{"rendered":"M\u00e9xico m\u00fasica y playa Veracruz"},"content":{"rendered":"<ul>\n<li>Reception at Benito Juarez Airport<\/li>\n<li>Transfer airport \u2013 hotel \u2013 airport<\/li>\n<li>5 noches de alojamiento en Ciudad de M\u00e9xico<\/li>\n<li>Tour de Ciudad en Ciudad de M\u00e9xico<\/li>\n<li>Tour completo a la Bas\u00edlica de Guadalupe y Pir\u00e1mides de Teotihuac\u00e1n<\/li>\n<li>Almuerzo buffet en la zona arqueol\u00f3gica<\/li>\n<li>Visita a los talleres de obsidiana, telares y pulque<\/li>\n<li>Tour Plaza de toros, Ciudad Universitaria y Xochimilco<\/li>\n<li>Fiesta mexicana en Xochimilco con tequila y mariachi<\/li>\n<li>Almuerzo mexicano en Xochimilco a borde de una tradicional trajinera<\/li>\n<li>Tour Museo de cera de la Ciudad de M\u00e9xico<\/li>\n<li>Cena con show mexicano en plaza Garibaldi (incluye un trago)<\/li>\n<li>Transportaci\u00f3n Ciudad de M\u00e9xico- Puebla \u2013 Veracruz- Ciudad de M\u00e9xico<\/li>\n<li>1 noche de alojamiento en la Ciudad de Puebla<\/li>\n<li>City tour en Puebla, visita a las fuentes<\/li>\n<li>Visita a Cholula con almuerzo en Puebla<\/li>\n<li>2 noches de alojamiento en el puerto de Veracruz<\/li>\n<li>Tour de Acuario de Veracruz y San Juan de Ulua<\/li>\n<li>Tour de Ciudad en Veracruz<\/li>\n<li>Cena de cierre de grupo en restaurante giratorio m\u00e1s grande del mundo, Bellini (incluye un trago) (vestuario formal, casual)<\/li>\n<li>Pensi\u00f3n completa durante todo el recorrido, desayunos, almuerzos y cenas (Excepto: D\u00eda 8 de itinerario) no incluye almuerzo.<\/li>\n<li>Gu\u00eda certi\ufb01cado durante todo el recorrido.<\/li>\n<li>Impuestos Hoteleros.<\/li>\n<li>24\/7 Agency Support<\/li>\n<\/ul>","protected":false},"excerpt":{"rendered":"<p>Recepci\u00f3n en el aeropuerto Benito Ju\u00e1rez Traslado aeropuerto \u2013 hotel \u2013 aeropuerto 5 noches de alojamiento en Ciudad de M\u00e9xico Tour de Ciudad en Ciudad de M\u00e9xico Tour completo a la Bas\u00edlica de Guadalupe y Pir\u00e1mides de Teotihuac\u00e1n Almuerzo buffet en la zona arqueol\u00f3gica Visita a los talleres de obsidiana, telares y pulque Tour Plaza [&hellip;]<\/p>\n","protected":false},"featured_media":3392,"template":"","meta":{"_acf_changed":false},"product_brand":[],"product_cat":[79,41],"product_tag":[],"class_list":{"0":"post-3398","1":"product","2":"type-product","3":"status-publish","4":"has-post-thumbnail","6":"product_cat-salida-grupal","7":"product_cat-paquetes","8":"pa_tarifa-por-persona-doble","9":"pa_tarifa-por-persona-ninos","10":"pa_tarifa-por-persona-sencilla","11":"pa_tarifa-por-persona-triple","13":"first","14":"instock","15":"shipping-taxable","16":"purchasable","17":"product-type-variable"},"acf":[],"_links":{"self":[{"href":"https:\/\/clasaturomex.com.mx\/en\/wp-json\/wp\/v2\/product\/3398","targetHints":{"allow":["GET"]}}],"collection":[{"href":"https:\/\/clasaturomex.com.mx\/en\/wp-json\/wp\/v2\/product"}],"about":[{"href":"https:\/\/clasaturomex.com.mx\/en\/wp-json\/wp\/v2\/types\/product"}],"wp:featuredmedia":[{"embeddable":true,"href":"https:\/\/clasaturomex.com.mx\/en\/wp-json\/wp\/v2\/media\/3392"}],"wp:attachment":[{"href":"https:\/\/clasaturomex.com.mx\/en\/wp-json\/wp\/v2\/media?parent=3398"}],"wp:term":[{"taxonomy":"product_brand","embeddable":true,"href":"https:\/\/clasaturomex.com.mx\/en\/wp-json\/wp\/v2\/product_brand?post=3398"},{"taxonomy":"product_cat","embeddable":true,"href":"https:\/\/clasaturomex.com.mx\/en\/wp-json\/wp\/v2\/product_cat?post=3398"},{"taxonomy":"product_tag","embeddable":true,"href":"https:\/\/clasaturomex.com.mx\/en\/wp-json\/wp\/v2\/product_tag?post=3398"}],"curies":[{"name":"wp","href":"https:\/\/api.w.org\/{rel}","templated":true}]}}