{"id":3302,"date":"2024-12-30T18:08:36","date_gmt":"2024-12-30T18:08:36","guid":{"rendered":"https:\/\/clasaturomex.com.mx\/?post_type=product&#038;p=3302"},"modified":"2024-12-30T18:27:58","modified_gmt":"2024-12-30T18:27:58","slug":"dia-muertos-mexico","status":"publish","type":"product","link":"https:\/\/clasaturomex.com.mx\/en\/product\/dia-muertos-mexico\/","title":{"rendered":"D\u00eda de Muertos en M\u00e9xico"},"content":{"rendered":"<ul>\n<li>Recepci\u00f3n a su llegada aeropuerto Benito Ju\u00e1rez<\/li>\n<li>Airport\/hotel\/airport transfer<\/li>\n<li>6 noches de alojamiento en el Hotel Lepanto<\/li>\n<li>Desayuno diario incluido<\/li>\n<li>Tour de bas\u00edlica de Guadalupe, para rezar por nuestros difuntos<\/li>\n<li>Tour Pir\u00e1mides de Teotihuac\u00e1n, para equilibrar el alma<\/li>\n<li>Almuerzo en zona arqueol\u00f3gica. \u00a1Cuidado, pues de limpios y tragones\u2026 Est\u00e1n llenos nuestros panteones!<\/li>\n<li>Tour a Val \u2018Quirico, para disfrutar del ambiente propio del D\u00eda de Muertos<\/li>\n<li>Tour a Puebla de los \u00c1ngeles<\/li>\n<li>Espect\u00e1culo de \u201cLa Llorona\u201d en el Islote de Xochimilco. Venir bien abrigado de cuerpo y alma, pues hace fr\u00edo sepulcral.<\/li>\n<li>Tour de Taxco, Misteriosa casa de las L\u00e1grimas y la Mina Prehisp\u00e1nica.<\/li>\n<li>Merienda t\u00edpica de muertos en Hacienda Vista Hermosa<\/li>\n<li>Gu\u00edas certificados durante todo el recorrido<\/li>\n<li>Hidrataci\u00f3n durante los tours<\/li>\n<li>Hotel taxes<\/li>\n<\/ul>","protected":false},"excerpt":{"rendered":"<p>Recepci\u00f3n a su llegada aeropuerto Benito Ju\u00e1rez Traslado aeropuerto\/hotel\/aeropuerto 6 noches de alojamiento en el Hotel Lepanto Desayuno diario incluido Tour de bas\u00edlica de Guadalupe, para rezar por nuestros difuntos Tour Pir\u00e1mides de Teotihuac\u00e1n, para equilibrar el alma Almuerzo en zona arqueol\u00f3gica. \u00a1Cuidado, pues de limpios y tragones\u2026 Est\u00e1n llenos nuestros panteones! Tour a Val [&hellip;]<\/p>\n","protected":false},"featured_media":3322,"template":"","meta":{"_acf_changed":false},"product_brand":[],"product_cat":[77,41],"product_tag":[],"class_list":{"0":"post-3302","1":"product","2":"type-product","3":"status-publish","4":"has-post-thumbnail","6":"product_cat-cotizar","7":"product_cat-paquetes","8":"pa_tarifa-por-persona-doble","9":"pa_tarifa-por-persona-ninos","10":"pa_tarifa-por-persona-sencilla","11":"pa_tarifa-por-persona-triple","13":"first","14":"instock","15":"shipping-taxable","16":"purchasable","17":"product-type-variable"},"acf":[],"_links":{"self":[{"href":"https:\/\/clasaturomex.com.mx\/en\/wp-json\/wp\/v2\/product\/3302","targetHints":{"allow":["GET"]}}],"collection":[{"href":"https:\/\/clasaturomex.com.mx\/en\/wp-json\/wp\/v2\/product"}],"about":[{"href":"https:\/\/clasaturomex.com.mx\/en\/wp-json\/wp\/v2\/types\/product"}],"wp:featuredmedia":[{"embeddable":true,"href":"https:\/\/clasaturomex.com.mx\/en\/wp-json\/wp\/v2\/media\/3322"}],"wp:attachment":[{"href":"https:\/\/clasaturomex.com.mx\/en\/wp-json\/wp\/v2\/media?parent=3302"}],"wp:term":[{"taxonomy":"product_brand","embeddable":true,"href":"https:\/\/clasaturomex.com.mx\/en\/wp-json\/wp\/v2\/product_brand?post=3302"},{"taxonomy":"product_cat","embeddable":true,"href":"https:\/\/clasaturomex.com.mx\/en\/wp-json\/wp\/v2\/product_cat?post=3302"},{"taxonomy":"product_tag","embeddable":true,"href":"https:\/\/clasaturomex.com.mx\/en\/wp-json\/wp\/v2\/product_tag?post=3302"}],"curies":[{"name":"wp","href":"https:\/\/api.w.org\/{rel}","templated":true}]}}