{"id":3169,"date":"2024-12-13T18:50:32","date_gmt":"2024-12-13T18:50:32","guid":{"rendered":"https:\/\/clasaturomex.com.mx\/?post_type=product&#038;p=3169"},"modified":"2024-12-30T17:51:26","modified_gmt":"2024-12-30T17:51:26","slug":"piramides-de-teotihuacan-basilica-guadalupe","status":"publish","type":"product","link":"https:\/\/clasaturomex.com.mx\/en\/product\/piramides-de-teotihuacan-basilica-guadalupe\/","title":{"rendered":"Pir\u00e1mides de Teotihuac\u00e1n y Bas\u00edlica de Guadalupe"},"content":{"rendered":"<ul>\n<li>Traslado hotel\/tour\/hotel.<\/li>\n<li>Gu\u00eda certificado durante todo el recorrido.<\/li>\n<li>Entrada a la zona arqueol\u00f3gica.<\/li>\n<\/ul>","protected":false},"excerpt":{"rendered":"<p>Traslado hotel\/tour\/hotel. Gu\u00eda certificado durante todo el recorrido. Entrada a la zona arqueol\u00f3gica.<\/p>","protected":false},"featured_media":3143,"template":"","meta":{"_acf_changed":false},"product_brand":[],"product_cat":[77,25,41],"product_tag":[],"class_list":{"0":"post-3169","1":"product","2":"type-product","3":"status-publish","4":"has-post-thumbnail","6":"product_cat-cotizar","7":"product_cat-tour","8":"product_cat-paquetes","9":"pa_tarifa-por-persona-adulto","10":"pa_tarifa-por-persona-doble","11":"pa_tarifa-por-persona-ninos","12":"pa_tarifa-por-persona-sencilla","13":"pa_tarifa-por-persona-triple","15":"first","16":"instock","17":"shipping-taxable","18":"purchasable","19":"product-type-variable"},"acf":[],"_links":{"self":[{"href":"https:\/\/clasaturomex.com.mx\/en\/wp-json\/wp\/v2\/product\/3169","targetHints":{"allow":["GET"]}}],"collection":[{"href":"https:\/\/clasaturomex.com.mx\/en\/wp-json\/wp\/v2\/product"}],"about":[{"href":"https:\/\/clasaturomex.com.mx\/en\/wp-json\/wp\/v2\/types\/product"}],"wp:featuredmedia":[{"embeddable":true,"href":"https:\/\/clasaturomex.com.mx\/en\/wp-json\/wp\/v2\/media\/3143"}],"wp:attachment":[{"href":"https:\/\/clasaturomex.com.mx\/en\/wp-json\/wp\/v2\/media?parent=3169"}],"wp:term":[{"taxonomy":"product_brand","embeddable":true,"href":"https:\/\/clasaturomex.com.mx\/en\/wp-json\/wp\/v2\/product_brand?post=3169"},{"taxonomy":"product_cat","embeddable":true,"href":"https:\/\/clasaturomex.com.mx\/en\/wp-json\/wp\/v2\/product_cat?post=3169"},{"taxonomy":"product_tag","embeddable":true,"href":"https:\/\/clasaturomex.com.mx\/en\/wp-json\/wp\/v2\/product_tag?post=3169"}],"curies":[{"name":"wp","href":"https:\/\/api.w.org\/{rel}","templated":true}]}}