{"id":2309,"date":"2024-08-20T21:11:54","date_gmt":"2024-08-20T21:11:54","guid":{"rendered":"https:\/\/clasaturomex.com.mx\/?post_type=product&#038;p=2309"},"modified":"2024-12-30T17:52:22","modified_gmt":"2024-12-30T17:52:22","slug":"ruta-del-tequila","status":"publish","type":"product","link":"https:\/\/clasaturomex.com.mx\/en\/product\/ruta-del-tequila\/","title":{"rendered":"Tequila Route"},"content":{"rendered":"<ul>\n<li>Airport\/hotel\/airport transfer<\/li>\n<li>2 nights accommodation in Mexico City with breakfast included<\/li>\n<li>1 night accommodation in San Miguel de Allende with breakfast included<\/li>\n<li>2 nights accommodation in Guadalajara with breakfast included<\/li>\n<li>Guadalupe Basilica and Teotihuacan Pyramids Tour with Lunch Included<\/li>\n<li>Quer\u00e9taro and San Miguel de Allende Tour<\/li>\n<li>Tour of Atotonilco, Guanajuato and Guadalajara<\/li>\n<li>Tour of Hacienda Tequila, Hacienda Tres Potrillos (entrance to the Ranch is not guaranteed) and Tlaquepaque<\/li>\n<li>Visit to the Hacienda Tequilera with tasting of house drinks<\/li>\n<li>Tourist transportation and guide throughout the tour<\/li>\n<li>Transfers from hotel in Guadalajara \u2013 GDL Airport or Central Bus Station with regular service to finish the circuit<\/li>\n<li>Hotel taxes<\/li>\n<li>24\/7 Agency Support<\/li>\n<\/ul>\n<p><strong>Hotels:<\/strong><br \/>\nMexico City: Royal Reforma<br \/>\nSan Miguel de Allende: Monte Verde Hotel<br \/>\nGuadalajara: Hotel Plaza Diana<\/p>","protected":false},"excerpt":{"rendered":"<p>Traslado aeropuerto\/hotel\/aeropuerto 2 noches de alojamiento en Ciudad de M\u00e9xico con desayunos incluidos 1 noche de alojamiento en San Miguel de Allende con desayuno incluido 2 noches de alojamiento en Guadalajara con desayunos incluidos Tour de bas\u00edlica de Guadalupe y pir\u00e1mides de Teotihuacan con almuerzo incluido Tour de Quer\u00e9taro y San Miguel de Allende Tour [&hellip;]<\/p>\n","protected":false},"featured_media":3225,"template":"","meta":{"_acf_changed":false},"product_brand":[],"product_cat":[77,41],"product_tag":[],"class_list":{"0":"post-2309","1":"product","2":"type-product","3":"status-publish","4":"has-post-thumbnail","6":"product_cat-cotizar","7":"product_cat-paquetes","8":"pa_tarifa-por-persona-doble","9":"pa_tarifa-por-persona-ninos","10":"pa_tarifa-por-persona-sencilla","11":"pa_tarifa-por-persona-triple","13":"first","14":"instock","15":"shipping-taxable","16":"purchasable","17":"product-type-variable"},"acf":[],"_links":{"self":[{"href":"https:\/\/clasaturomex.com.mx\/en\/wp-json\/wp\/v2\/product\/2309","targetHints":{"allow":["GET"]}}],"collection":[{"href":"https:\/\/clasaturomex.com.mx\/en\/wp-json\/wp\/v2\/product"}],"about":[{"href":"https:\/\/clasaturomex.com.mx\/en\/wp-json\/wp\/v2\/types\/product"}],"wp:featuredmedia":[{"embeddable":true,"href":"https:\/\/clasaturomex.com.mx\/en\/wp-json\/wp\/v2\/media\/3225"}],"wp:attachment":[{"href":"https:\/\/clasaturomex.com.mx\/en\/wp-json\/wp\/v2\/media?parent=2309"}],"wp:term":[{"taxonomy":"product_brand","embeddable":true,"href":"https:\/\/clasaturomex.com.mx\/en\/wp-json\/wp\/v2\/product_brand?post=2309"},{"taxonomy":"product_cat","embeddable":true,"href":"https:\/\/clasaturomex.com.mx\/en\/wp-json\/wp\/v2\/product_cat?post=2309"},{"taxonomy":"product_tag","embeddable":true,"href":"https:\/\/clasaturomex.com.mx\/en\/wp-json\/wp\/v2\/product_tag?post=2309"}],"curies":[{"name":"wp","href":"https:\/\/api.w.org\/{rel}","templated":true}]}}