{"id":2281,"date":"2024-08-20T19:32:28","date_gmt":"2024-08-20T19:32:28","guid":{"rendered":"https:\/\/clasaturomex.com.mx\/?post_type=product&#038;p=2281"},"modified":"2024-12-30T17:53:13","modified_gmt":"2024-12-30T17:53:13","slug":"between-flowers-and-ruins-2025","status":"publish","type":"product","link":"https:\/\/clasaturomex.com.mx\/en\/product\/between-flowers-and-ruins-2025\/","title":{"rendered":"Entre Flores y Ruinas"},"content":{"rendered":"<p>On our Flowers and Ruins Tour, we invite you to enjoy a day full of fun and authenticity. Aboard a traditional trajinera, you will embark on an unforgettable journey through the canals of Xochimilco, where you will witness local life and Mexican crafts.<\/p>\n<ul>\n<li>Reception at Airport Transfer<\/li>\n<li>Airport\/Hotel\/Airport<\/li>\n<li>05 nights of accommodation in Mexico City in a selected hotel<\/li>\n<li>05 buffet or American breakfasts depending on the selected hotel<\/li>\n<li>Tour de Ciudad<\/li>\n<li>Excursion to the Basilica of Guadalupe and the Pyramids of Teotihuac\u00e1n<\/li>\n<li>Lunch in archaeological zone<\/li>\n<li>Tour of Xochimilco, Bullring and University City<\/li>\n<li>Free day for personal activities<\/li>\n<li>Hotel Taxes<\/li>\n<\/ul>","protected":false},"excerpt":{"rendered":"<p>En nuestro Tour entre Flores y Ruinas, te invitamos a disfrutar de un d\u00eda lleno de diversi\u00f3n y autenticidad. A bordo de una tradicional trajinera, te embarcar\u00e1s en un viaje inolvidable por los canales de Xochimilco, donde ser\u00e1s testigo de la vida local y la artesan\u00eda mexicana. Recepci\u00f3n en Aeropuerto Traslado Aeropuerto\/Hotel\/Aeropuerto 05 noches de [&hellip;]<\/p>\n","protected":false},"featured_media":2178,"template":"","meta":{"_acf_changed":false},"product_brand":[],"product_cat":[77,41],"product_tag":[],"class_list":{"0":"post-2281","1":"product","2":"type-product","3":"status-publish","4":"has-post-thumbnail","6":"product_cat-cotizar","7":"product_cat-paquetes","8":"pa_tarifa-por-persona-doble","9":"pa_tarifa-por-persona-sencilla","10":"pa_tarifa-por-persona-triple","12":"first","13":"instock","14":"shipping-taxable","15":"purchasable","16":"product-type-variable"},"acf":[],"_links":{"self":[{"href":"https:\/\/clasaturomex.com.mx\/en\/wp-json\/wp\/v2\/product\/2281","targetHints":{"allow":["GET"]}}],"collection":[{"href":"https:\/\/clasaturomex.com.mx\/en\/wp-json\/wp\/v2\/product"}],"about":[{"href":"https:\/\/clasaturomex.com.mx\/en\/wp-json\/wp\/v2\/types\/product"}],"wp:featuredmedia":[{"embeddable":true,"href":"https:\/\/clasaturomex.com.mx\/en\/wp-json\/wp\/v2\/media\/2178"}],"wp:attachment":[{"href":"https:\/\/clasaturomex.com.mx\/en\/wp-json\/wp\/v2\/media?parent=2281"}],"wp:term":[{"taxonomy":"product_brand","embeddable":true,"href":"https:\/\/clasaturomex.com.mx\/en\/wp-json\/wp\/v2\/product_brand?post=2281"},{"taxonomy":"product_cat","embeddable":true,"href":"https:\/\/clasaturomex.com.mx\/en\/wp-json\/wp\/v2\/product_cat?post=2281"},{"taxonomy":"product_tag","embeddable":true,"href":"https:\/\/clasaturomex.com.mx\/en\/wp-json\/wp\/v2\/product_tag?post=2281"}],"curies":[{"name":"wp","href":"https:\/\/api.w.org\/{rel}","templated":true}]}}