{"id":1257,"date":"2024-04-26T14:29:56","date_gmt":"2024-04-26T14:29:56","guid":{"rendered":"https:\/\/clasaturomex.com.mx\/?post_type=product&#038;p=1257"},"modified":"2024-12-30T17:57:18","modified_gmt":"2024-12-30T17:57:18","slug":"tequila-lemon-salt","status":"publish","type":"product","link":"https:\/\/clasaturomex.com.mx\/en\/product\/tequila-lemon-salt\/","title":{"rendered":"Tequila Lemon and Salt"},"content":{"rendered":"<ul>\n<li>Transfer airport\/hotel\/airport<\/li>\n<li>10 nights accommodation in indicated hotels<\/li>\n<li>American style buffet breakfast<\/li>\n<li>Transfers to the cities mentioned in the itinerary<\/li>\n<li>City tour in Mexico City<\/li>\n<li>Tour of the Basilica of Guadalupe and the Pyramids of Teotihuacan with lunch<\/li>\n<li>Full day tour to Taxco with lunch<\/li>\n<li>Full day tour to Puebla and Cholula with lunch<\/li>\n<li>City tour in Guanajuato<\/li>\n<li>City Tour in Guadalajara<\/li>\n<li>Tour to Tlaquepaque with lunch<\/li>\n<li>Tour to Xoxhimilco with trajinera<\/li>\n<li>Hotel taxes<\/li>\n<li>24\/7 Agency Support<\/li>\n<\/ul>","protected":false},"excerpt":{"rendered":"<p>Traslado aeropuerto\/ hotel \/ aeropuerto 10 noches de alojamiento en hoteles indicados Desayunos buffet tipo americano Traslados a las ciudades mencionadas en el itinerario City tour en Ciudad de M\u00e9xico Tour bas\u00edlica de Guadalupe y Pir\u00e1mides de Teotihuacan con almuerzo Tour full day a Taxco con almuerzo Tour full day a Puebla y Cholula con [&hellip;]<\/p>\n","protected":false},"featured_media":2136,"template":"","meta":{"_acf_changed":false},"product_brand":[],"product_cat":[77,41],"product_tag":[],"class_list":{"0":"post-1257","1":"product","2":"type-product","3":"status-publish","4":"has-post-thumbnail","6":"product_cat-cotizar","7":"product_cat-paquetes","8":"pa_tarifa-por-persona-doble","9":"pa_tarifa-por-persona-ninos","10":"pa_tarifa-por-persona-sencilla","11":"pa_tarifa-por-persona-triple","13":"first","14":"instock","15":"shipping-taxable","16":"purchasable","17":"product-type-variable"},"acf":[],"_links":{"self":[{"href":"https:\/\/clasaturomex.com.mx\/en\/wp-json\/wp\/v2\/product\/1257","targetHints":{"allow":["GET"]}}],"collection":[{"href":"https:\/\/clasaturomex.com.mx\/en\/wp-json\/wp\/v2\/product"}],"about":[{"href":"https:\/\/clasaturomex.com.mx\/en\/wp-json\/wp\/v2\/types\/product"}],"wp:featuredmedia":[{"embeddable":true,"href":"https:\/\/clasaturomex.com.mx\/en\/wp-json\/wp\/v2\/media\/2136"}],"wp:attachment":[{"href":"https:\/\/clasaturomex.com.mx\/en\/wp-json\/wp\/v2\/media?parent=1257"}],"wp:term":[{"taxonomy":"product_brand","embeddable":true,"href":"https:\/\/clasaturomex.com.mx\/en\/wp-json\/wp\/v2\/product_brand?post=1257"},{"taxonomy":"product_cat","embeddable":true,"href":"https:\/\/clasaturomex.com.mx\/en\/wp-json\/wp\/v2\/product_cat?post=1257"},{"taxonomy":"product_tag","embeddable":true,"href":"https:\/\/clasaturomex.com.mx\/en\/wp-json\/wp\/v2\/product_tag?post=1257"}],"curies":[{"name":"wp","href":"https:\/\/api.w.org\/{rel}","templated":true}]}}