{"id":1254,"date":"2024-04-26T14:14:42","date_gmt":"2024-04-26T14:14:42","guid":{"rendered":"https:\/\/clasaturomex.com.mx\/?post_type=product&#038;p=1254"},"modified":"2024-12-30T17:58:58","modified_gmt":"2024-12-30T17:58:58","slug":"wind-culture","status":"publish","type":"product","link":"https:\/\/clasaturomex.com.mx\/en\/product\/wind-culture\/","title":{"rendered":"Mexico wind and culture"},"content":{"rendered":"<ul>\n<li>Reception and assistance at the airport (Benito Ju\u00e1rez)<\/li>\n<li>Airport\/hotel\/airport transfer<\/li>\n<li>04 nights accommodation in selected hotel<\/li>\n<li>HOTELS ASSIGNED: HOTEL REGENTE CITY, HOTEL ROYAL REFORMA or BENIDORM<\/li>\n<li>04 American or buffet breakfasts depending on the selected hotel<\/li>\n<li>Basilica of Guadalupe Tour &amp; City Tour<\/li>\n<li>Teotihuacan Pyramids by Hot Air Balloon<\/li>\n<li>Xochimilco, Coyoacan Frida Kahlo&#039;s Blue House<\/li>\n<li>Certified guide during the tour<\/li>\n<li>Hotel Taxes<\/li>\n<\/ul>","protected":false},"excerpt":{"rendered":"<p>Recepci\u00f3n y asistencia en aeropuerto (Benito Ju\u00e1rez) Traslado aeropuerto\/hotel\/aeropuerto 04 noches de alojamiento en hotel seleccionado HOTELES ASIGNADOS: HOTEL REGENTE CITY, HOTEL ROYAL REFORMA \u00f3 BENIDORM 04 desayunos americanos o buffet seg\u00fan hotel seleccionado Excursi\u00f3n a Bas\u00edlica de Guadalupe &amp; Tour de Ciudad Pir\u00e1mides de Teotihuacan en Globo Aerost\u00e1tico Xochimilco, Coyoac\u00e1n Casa Azul Frida Kahlo [&hellip;]<\/p>\n","protected":false},"featured_media":1334,"template":"","meta":{"_acf_changed":false},"product_brand":[],"product_cat":[77,41],"product_tag":[],"class_list":{"0":"post-1254","1":"product","2":"type-product","3":"status-publish","4":"has-post-thumbnail","6":"product_cat-cotizar","7":"product_cat-paquetes","9":"first","10":"instock","11":"shipping-taxable","12":"purchasable","13":"product-type-simple"},"acf":[],"_links":{"self":[{"href":"https:\/\/clasaturomex.com.mx\/en\/wp-json\/wp\/v2\/product\/1254","targetHints":{"allow":["GET"]}}],"collection":[{"href":"https:\/\/clasaturomex.com.mx\/en\/wp-json\/wp\/v2\/product"}],"about":[{"href":"https:\/\/clasaturomex.com.mx\/en\/wp-json\/wp\/v2\/types\/product"}],"wp:featuredmedia":[{"embeddable":true,"href":"https:\/\/clasaturomex.com.mx\/en\/wp-json\/wp\/v2\/media\/1334"}],"wp:attachment":[{"href":"https:\/\/clasaturomex.com.mx\/en\/wp-json\/wp\/v2\/media?parent=1254"}],"wp:term":[{"taxonomy":"product_brand","embeddable":true,"href":"https:\/\/clasaturomex.com.mx\/en\/wp-json\/wp\/v2\/product_brand?post=1254"},{"taxonomy":"product_cat","embeddable":true,"href":"https:\/\/clasaturomex.com.mx\/en\/wp-json\/wp\/v2\/product_cat?post=1254"},{"taxonomy":"product_tag","embeddable":true,"href":"https:\/\/clasaturomex.com.mx\/en\/wp-json\/wp\/v2\/product_tag?post=1254"}],"curies":[{"name":"wp","href":"https:\/\/api.w.org\/{rel}","templated":true}]}}